{"id":35,"date":"2025-09-19T23:01:41","date_gmt":"2025-09-19T23:01:41","guid":{"rendered":"https:\/\/miralda.de\/?page_id=35"},"modified":"2025-10-07T16:55:29","modified_gmt":"2025-10-07T14:55:29","slug":"startseite","status":"publish","type":"page","link":"https:\/\/www.miralda.de\/","title":{"rendered":""},"content":{"rendered":"\n<figure class=\"wp-block-image aligncenter size-large is-resized\"><img fetchpriority=\"high\" decoding=\"async\" width=\"1024\" height=\"293\" src=\"https:\/\/www.miralda.de\/wp-content\/uploads\/2025\/10\/logo_miralda_ohneRahmen-1024x293.jpg\" alt=\"\" class=\"wp-image-97\" style=\"width:500px;height:auto\" srcset=\"https:\/\/www.miralda.de\/wp-content\/uploads\/2025\/10\/logo_miralda_ohneRahmen-1024x293.jpg 1024w, https:\/\/www.miralda.de\/wp-content\/uploads\/2025\/10\/logo_miralda_ohneRahmen-300x86.jpg 300w, https:\/\/www.miralda.de\/wp-content\/uploads\/2025\/10\/logo_miralda_ohneRahmen-768x219.jpg 768w, https:\/\/www.miralda.de\/wp-content\/uploads\/2025\/10\/logo_miralda_ohneRahmen-1536x439.jpg 1536w, https:\/\/www.miralda.de\/wp-content\/uploads\/2025\/10\/logo_miralda_ohneRahmen-2048x585.jpg 2048w\" sizes=\"(max-width: 1024px) 100vw, 1024px\" \/><\/figure>\n\n\n\n<div style=\"height:30px\" aria-hidden=\"true\" class=\"wp-block-spacer\"><\/div>\n\n\n\n<div class=\"wp-block-group alignfull is-style-section-1 has-custom-miralda-gr-n-background-color has-background has-global-padding is-layout-constrained wp-block-group-is-layout-constrained is-style-section-1--1\" style=\"margin-top:0;margin-bottom:0;padding-top:var(--wp--preset--spacing--80);padding-bottom:var(--wp--preset--spacing--80)\">\n<div class=\"wp-block-columns alignwide is-layout-flex wp-container-core-columns-is-layout-66fad18a wp-block-columns-is-layout-flex\">\n<div class=\"wp-block-column is-layout-flow wp-block-column-is-layout-flow\" style=\"padding-right:var(--wp--preset--spacing--50);flex-basis:45%\">\n<figure class=\"wp-block-image size-full\"><img decoding=\"async\" width=\"2560\" height=\"1708\" src=\"https:\/\/miralda.de\/wp-content\/uploads\/2025\/09\/shutterstock_2489701367_2-MB-scaled.jpg\" alt=\"\" class=\"wp-image-10\" srcset=\"https:\/\/www.miralda.de\/wp-content\/uploads\/2025\/09\/shutterstock_2489701367_2-MB-scaled.jpg 2560w, https:\/\/www.miralda.de\/wp-content\/uploads\/2025\/09\/shutterstock_2489701367_2-MB-300x200.jpg 300w, https:\/\/www.miralda.de\/wp-content\/uploads\/2025\/09\/shutterstock_2489701367_2-MB-1024x683.jpg 1024w, https:\/\/www.miralda.de\/wp-content\/uploads\/2025\/09\/shutterstock_2489701367_2-MB-768x512.jpg 768w, https:\/\/www.miralda.de\/wp-content\/uploads\/2025\/09\/shutterstock_2489701367_2-MB-1536x1025.jpg 1536w, https:\/\/www.miralda.de\/wp-content\/uploads\/2025\/09\/shutterstock_2489701367_2-MB-2048x1366.jpg 2048w\" sizes=\"(max-width: 2560px) 100vw, 2560px\" \/><\/figure>\n\n\n\n<div class=\"wp-block-group has-global-padding is-layout-constrained wp-block-group-is-layout-constrained\" style=\"margin-top:-12vw\"><\/div>\n<\/div>\n\n\n\n<div class=\"wp-block-column is-vertically-aligned-center is-layout-flow wp-block-column-is-layout-flow\" style=\"padding-right:0;padding-left:0;flex-basis:50%\">\n<div class=\"wp-block-group is-vertical is-layout-flex wp-container-core-group-is-layout-fe9cc265 wp-block-group-is-layout-flex\">\n<h2 class=\"wp-block-heading is-style-text-annotation is-style-text-annotation--2\">\u00dcber uns<\/h2>\n<\/div>\n\n\n\n<p class=\"is-style-text-subtitle is-style-text-subtitle--3\"><strong>Miralda <\/strong>ist ein mit \u00fcber 16 Jahren erfahrener Anbieter f\u00fcr individuelle Softwarel\u00f6sungen im Bildungsbereich.<\/p>\n\n\n\n<p class=\"is-style-text-subtitle is-style-text-subtitle--4\">Wir ebnen gemeinsam den Weg f\u00fcr zukunftsorientiertes Arbeiten in Schule und Kita.<\/p>\n\n\n\n<p class=\"is-style-text-subtitle is-style-text-subtitle--5\">Gemeinsam bewegen wir Bildung.<\/p>\n<\/div>\n<\/div>\n<\/div>\n\n\n\n<div class=\"wp-block-group alignfull has-global-padding is-layout-constrained wp-container-core-group-is-layout-ebee8dc1 wp-block-group-is-layout-constrained\" style=\"margin-top:0;margin-bottom:0;padding-top:var(--wp--preset--spacing--50);padding-bottom:var(--wp--preset--spacing--50)\">\n<div class=\"wp-block-columns alignwide is-layout-flex wp-container-core-columns-is-layout-28f84493 wp-block-columns-is-layout-flex\">\n<div class=\"wp-block-column is-layout-flow wp-block-column-is-layout-flow\">\n<h1 class=\"wp-block-heading is-style-text-annotation is-style-text-annotation--6\">Unsere Produkte<\/h1>\n\n\n\n<figure class=\"wp-block-image size-large\"><img decoding=\"async\" width=\"1024\" height=\"368\" src=\"https:\/\/www.miralda.de\/wp-content\/uploads\/2025\/10\/MIS-newsize-1024x368.jpg\" alt=\"\" class=\"wp-image-80\" style=\"object-fit:cover\" srcset=\"https:\/\/www.miralda.de\/wp-content\/uploads\/2025\/10\/MIS-newsize-1024x368.jpg 1024w, https:\/\/www.miralda.de\/wp-content\/uploads\/2025\/10\/MIS-newsize-300x108.jpg 300w, https:\/\/www.miralda.de\/wp-content\/uploads\/2025\/10\/MIS-newsize-768x276.jpg 768w, https:\/\/www.miralda.de\/wp-content\/uploads\/2025\/10\/MIS-newsize-1536x552.jpg 1536w, https:\/\/www.miralda.de\/wp-content\/uploads\/2025\/10\/MIS-newsize-2048x736.jpg 2048w\" sizes=\"(max-width: 1024px) 100vw, 1024px\" \/><\/figure>\n\n\n\n<figure class=\"wp-block-image size-full\" style=\"margin-bottom:24px\"><img loading=\"lazy\" decoding=\"async\" width=\"2560\" height=\"1709\" src=\"https:\/\/miralda.de\/wp-content\/uploads\/2025\/09\/iStock-521834855_18-MB-scaled.jpg\" alt=\"\" class=\"wp-image-54\" style=\"aspect-ratio:4\/3;object-fit:cover\" srcset=\"https:\/\/www.miralda.de\/wp-content\/uploads\/2025\/09\/iStock-521834855_18-MB-scaled.jpg 2560w, https:\/\/www.miralda.de\/wp-content\/uploads\/2025\/09\/iStock-521834855_18-MB-300x200.jpg 300w, https:\/\/www.miralda.de\/wp-content\/uploads\/2025\/09\/iStock-521834855_18-MB-1024x683.jpg 1024w, https:\/\/www.miralda.de\/wp-content\/uploads\/2025\/09\/iStock-521834855_18-MB-768x513.jpg 768w, https:\/\/www.miralda.de\/wp-content\/uploads\/2025\/09\/iStock-521834855_18-MB-1536x1025.jpg 1536w, https:\/\/www.miralda.de\/wp-content\/uploads\/2025\/09\/iStock-521834855_18-MB-2048x1367.jpg 2048w\" sizes=\"(max-width: 2560px) 100vw, 2560px\" \/><\/figure>\n\n\n\n<h3 class=\"wp-block-heading\"><strong>MIS &#8211; Montessori Informationssystem<\/strong><\/h3>\n\n\n\n<p class=\"has-medium-font-size\"><strong>F\u00fcr Montessori-Schulen, Kinderh\u00e4user und Nest<\/strong><\/p>\n\n\n\n<div style=\"height:30px\" aria-hidden=\"true\" class=\"wp-block-spacer\"><\/div>\n\n\n\n<hr class=\"wp-block-separator has-alpha-channel-opacity\"\/>\n\n\n\n<p class=\"has-medium-font-size\">MIS \u2013 das Montessori Informationssystem steht f\u00fcr eine durchdachte, ausgereifte und praxiserprobte Lerndokumentations- und Zeugnissoftware.<\/p>\n\n\n\n<p class=\"has-medium-font-size\">Im reformp\u00e4dagogischen Umfeld unterst\u00fctzt MIS seit \u00fcber 16 Jahren P\u00e4dagogen und P\u00e4dagoginnen bei der strukturierten Erfassung, Auswertung und Weiterentwicklung individueller Lernprozesse.<\/p>\n\n\n\n<p class=\"has-medium-font-size\">Die benutzerfreundliche Software tr\u00e4gt ma\u00dfgeblich zur Qualit\u00e4tssicherung bei, spart Zeit und schafft damit Freir\u00e4ume f\u00fcr das Wesentliche: Lernbegleiter und Lernbegleiterinnen behalten den \u00dcberblick und k\u00f6nnen das tun, was ein Computer nicht kann: sich auf das Wohl der Kinder konzentrieren.<\/p>\n\n\n\n<p class=\"has-medium-font-size\">Dank hoher Datenschutzstandards, flexibler Einsatzm\u00f6glichkeiten und enger Zusammenarbeit mit den Nutzern passt sich die L\u00f6sung optimal an die Bed\u00fcrfnisse reformp\u00e4dagogischer Bildungseinrichtungen an.<\/p>\n\n\n\n<p><strong>Mehr erfahren unter: <br><a href=\"http:\/\/www.montessori-is.de\">www.montessori-is.de<\/a><\/strong><\/p>\n<\/div>\n\n\n\n<div class=\"wp-block-column is-layout-flow wp-block-column-is-layout-flow\">\n<div style=\"height:30px\" aria-hidden=\"true\" class=\"wp-block-spacer\"><\/div>\n\n\n\n<figure class=\"wp-block-image size-large\"><img loading=\"lazy\" decoding=\"async\" width=\"1024\" height=\"369\" src=\"https:\/\/www.miralda.de\/wp-content\/uploads\/2025\/10\/Fraldo-newsize-1024x369.jpg\" alt=\"\" class=\"wp-image-81\" srcset=\"https:\/\/www.miralda.de\/wp-content\/uploads\/2025\/10\/Fraldo-newsize-1024x369.jpg 1024w, https:\/\/www.miralda.de\/wp-content\/uploads\/2025\/10\/Fraldo-newsize-300x108.jpg 300w, https:\/\/www.miralda.de\/wp-content\/uploads\/2025\/10\/Fraldo-newsize-768x276.jpg 768w, https:\/\/www.miralda.de\/wp-content\/uploads\/2025\/10\/Fraldo-newsize-1536x553.jpg 1536w, https:\/\/www.miralda.de\/wp-content\/uploads\/2025\/10\/Fraldo-newsize-2048x737.jpg 2048w\" sizes=\"(max-width: 1024px) 100vw, 1024px\" \/><\/figure>\n\n\n\n<figure class=\"wp-block-image size-full\" style=\"margin-bottom:24px\"><img loading=\"lazy\" decoding=\"async\" width=\"1024\" height=\"683\" src=\"https:\/\/miralda.de\/wp-content\/uploads\/2025\/09\/79574099_m-1-1024x683-1.jpg\" alt=\"\" class=\"wp-image-55\" style=\"aspect-ratio:4\/3;object-fit:cover\" srcset=\"https:\/\/www.miralda.de\/wp-content\/uploads\/2025\/09\/79574099_m-1-1024x683-1.jpg 1024w, https:\/\/www.miralda.de\/wp-content\/uploads\/2025\/09\/79574099_m-1-1024x683-1-300x200.jpg 300w, https:\/\/www.miralda.de\/wp-content\/uploads\/2025\/09\/79574099_m-1-1024x683-1-768x512.jpg 768w\" sizes=\"(max-width: 1024px) 100vw, 1024px\" \/><\/figure>\n\n\n\n<h3 class=\"wp-block-heading\"><strong>FRALDO &#8211; Freie-Alternative-Doku<\/strong><\/h3>\n\n\n\n<p class=\"has-medium-font-size\"><strong>F\u00fcr Freie Alternative Schulen und Kitas<\/strong><\/p>\n\n\n\n<div style=\"height:30px\" aria-hidden=\"true\" class=\"wp-block-spacer\"><\/div>\n\n\n\n<hr class=\"wp-block-separator has-alpha-channel-opacity\"\/>\n\n\n\n<p class=\"has-medium-font-size\">FRALDO bringt frischen Wind in die Welt der Lerndokumentation. Etwas &#8222;bunter&#8220;, offener und leichter unterst\u00fctzt die Software P\u00e4dagoginnen und P\u00e4dagogen dabei, Lernwege sichtbar zu machen und Lernprozesse achtsam zu begleiten.<\/p>\n\n\n\n<p class=\"has-medium-font-size\">W\u00e4hrend MIS seit vielen Jahren die &#8222;gro\u00dfe, erfahrene Schwester&#8220; ist, steht FRALDO f\u00fcr das unkomplizierte, spritzigere: flexibel, freundlich und direkt am Alltag der Kinder orientiert. FRALDO hilft, Entwicklungen schnell zu erfassen, Erfolge anschaulich zu zeigen und gemeinsam mit den Kindern n\u00e4chste Schritte zu gestalten.<\/p>\n\n\n\n<p class=\"has-medium-font-size\">Nat\u00fcrlich achtet FRALDO ebenso auf Sicherheit und Datenschutz. Gleichzeitig bleibt FRALDO offen, anpassbar und nah an den Bed\u00fcrfnissen derer, die t\u00e4glich mit ihr arbeiten.<\/p>\n\n\n\n<p><strong>Mehr erfahren unter: <br><a href=\"http:\/\/www.fraldo.de\">www.fraldo.de<\/a><\/strong><\/p>\n<\/div>\n\n\n\n<div class=\"wp-block-column is-layout-flow wp-block-column-is-layout-flow\">\n<div style=\"height:30px\" aria-hidden=\"true\" class=\"wp-block-spacer\"><\/div>\n\n\n\n<figure class=\"wp-block-image size-large\"><img loading=\"lazy\" decoding=\"async\" width=\"1024\" height=\"369\" src=\"https:\/\/www.miralda.de\/wp-content\/uploads\/2025\/10\/Lisda-newsize-1024x369.jpg\" alt=\"\" class=\"wp-image-83\" style=\"object-fit:cover\" srcset=\"https:\/\/www.miralda.de\/wp-content\/uploads\/2025\/10\/Lisda-newsize-1024x369.jpg 1024w, https:\/\/www.miralda.de\/wp-content\/uploads\/2025\/10\/Lisda-newsize-300x108.jpg 300w, https:\/\/www.miralda.de\/wp-content\/uploads\/2025\/10\/Lisda-newsize-768x277.jpg 768w, https:\/\/www.miralda.de\/wp-content\/uploads\/2025\/10\/Lisda-newsize-1536x554.jpg 1536w, https:\/\/www.miralda.de\/wp-content\/uploads\/2025\/10\/Lisda-newsize-2048x739.jpg 2048w\" sizes=\"(max-width: 1024px) 100vw, 1024px\" \/><\/figure>\n\n\n\n<figure class=\"wp-block-image size-full\" style=\"margin-bottom:24px\"><img loading=\"lazy\" decoding=\"async\" width=\"2560\" height=\"1707\" src=\"https:\/\/miralda.de\/wp-content\/uploads\/2025\/09\/shutterstock_2198668123_17-MB-scaled.jpg\" alt=\"\" class=\"wp-image-43\" style=\"aspect-ratio:4\/3;object-fit:cover\" srcset=\"https:\/\/www.miralda.de\/wp-content\/uploads\/2025\/09\/shutterstock_2198668123_17-MB-scaled.jpg 2560w, https:\/\/www.miralda.de\/wp-content\/uploads\/2025\/09\/shutterstock_2198668123_17-MB-300x200.jpg 300w, https:\/\/www.miralda.de\/wp-content\/uploads\/2025\/09\/shutterstock_2198668123_17-MB-1024x683.jpg 1024w, https:\/\/www.miralda.de\/wp-content\/uploads\/2025\/09\/shutterstock_2198668123_17-MB-768x512.jpg 768w, https:\/\/www.miralda.de\/wp-content\/uploads\/2025\/09\/shutterstock_2198668123_17-MB-1536x1024.jpg 1536w, https:\/\/www.miralda.de\/wp-content\/uploads\/2025\/09\/shutterstock_2198668123_17-MB-2048x1365.jpg 2048w\" sizes=\"(max-width: 2560px) 100vw, 2560px\" \/><\/figure>\n\n\n\n<h3 class=\"wp-block-heading\"><strong>LISDA &#8211; Lernen Individuell und Systematisch Dokumentieren und Auswerten<\/strong><\/h3>\n\n\n\n<p class=\"has-medium-font-size\">F\u00fcr staatliche Regelschulen und Kitas<\/p>\n\n\n\n<hr class=\"wp-block-separator has-alpha-channel-opacity\"\/>\n\n\n\n<p class=\"has-medium-font-size\">Mit LISDA \u201eLernen Individuell und Systematisch Dokumentieren und Auswerten\u201c \u2013 das verspricht diese durchdachte und praxiserprobte digitale Plattform zur Lerndokumentation und Berichterstellung.<\/p>\n\n\n\n<p class=\"has-medium-font-size\">LISDA hilft Lehrkr\u00e4ften, Lernprozesse kompetenzorientiert, individuell, ressourcenschonend und zeitsparend zu begleiten. Die Software ersetzt das bisherige Klassenbuch oder Kursheft, macht Lernverl\u00e4ufe jederzeit einsehbar und erstellt transparente Lernentwicklungsberichte.<\/p>\n\n\n\n<p class=\"has-medium-font-size\">Dank hoher Datenschutzstandards, flexibler Einsatzm\u00f6glichkeiten und intensiver Einbindung von Nutzern und Fachkr\u00e4ften passt sich LISDA optimal an die Bed\u00fcrfnisse von Bildungseinrichtungen an. Durch reduzierten Koordinationsaufwand und vereinfachte Dokumentation entstehen echte Freir\u00e4ume f\u00fcr die p\u00e4dagogische Arbeit.<\/p>\n\n\n\n<p><strong>Mehr erfahren unter: <br><a href=\"http:\/\/www.lisda.de\">www.lisda.de<\/a><\/strong><\/p>\n<\/div>\n<\/div>\n<\/div>\n\n\n\n<div class=\"wp-block-group alignfull has-global-padding is-layout-constrained wp-block-group-is-layout-constrained\" style=\"margin-top:0;margin-bottom:0;padding-top:var(--wp--preset--spacing--60);padding-bottom:var(--wp--preset--spacing--60)\">\n<div class=\"wp-block-columns alignwide is-layout-flex wp-container-core-columns-is-layout-74b2cda3 wp-block-columns-is-layout-flex\">\n<div class=\"wp-block-column is-layout-flow wp-block-column-is-layout-flow\">\n<div class=\"wp-block-group is-vertical is-content-justification-left is-layout-flex wp-container-core-group-is-layout-7ce391b6 wp-block-group-is-layout-flex\" style=\"min-height:100%\">\n<h2 class=\"wp-block-heading is-style-text-annotation has-x-small-font-size is-style-text-annotation--7\">Was Anwender \u00fcber unsere Produkte sagen<\/h2>\n\n\n\n<blockquote class=\"wp-block-quote is-style-plain has-x-large-font-size is-layout-flow wp-container-core-quote-is-layout-5dafc681 wp-block-quote-is-layout-flow is-style-plain--8\" style=\"font-style:normal;font-weight:400\">\n<div class=\"wp-block-group has-global-padding is-content-justification-left is-layout-constrained wp-container-core-group-is-layout-085bd3d9 wp-block-group-is-layout-constrained\" style=\"margin-top:0;margin-bottom:0;padding-top:0;padding-right:0;padding-bottom:0;padding-left:0\">\n<p>&#8222;FRALDO hat uns wirklich begeistert. Die Software ist durchdacht und hat den Arbeitsalltag sp\u00fcrbar erleichtert. <br><br>Besonders beeindruckt hat uns auch der pers\u00f6nliche Kontakt \u2013 das FRALDO -Team rund um Andreas Fay war jederzeit hilfsbereit, offen f\u00fcr Fragen und sehr professionell. Eine Zusammenarbeit, wie man sie sich w\u00fcnscht!&#8220;<\/p>\n<\/div>\n<cite>Lorenz Obleser <br><sub>Schulleitung Freie Schule Christophine in Marbach<\/sub><\/cite><\/blockquote>\n<\/div>\n<\/div>\n\n\n\n<div class=\"wp-block-column is-layout-flow wp-block-column-is-layout-flow\" style=\"padding-top:0;padding-right:0;padding-bottom:0;padding-left:0\">\n<figure class=\"wp-block-image size-large\"><img loading=\"lazy\" decoding=\"async\" width=\"1024\" height=\"684\" src=\"https:\/\/miralda.de\/wp-content\/uploads\/2025\/09\/iStock-510015972-1024x684.jpg\" alt=\"\" class=\"wp-image-56\" style=\"aspect-ratio:1;object-fit:cover\" srcset=\"https:\/\/www.miralda.de\/wp-content\/uploads\/2025\/09\/iStock-510015972-1024x684.jpg 1024w, https:\/\/www.miralda.de\/wp-content\/uploads\/2025\/09\/iStock-510015972-300x200.jpg 300w, https:\/\/www.miralda.de\/wp-content\/uploads\/2025\/09\/iStock-510015972-768x513.jpg 768w, https:\/\/www.miralda.de\/wp-content\/uploads\/2025\/09\/iStock-510015972-1536x1025.jpg 1536w, https:\/\/www.miralda.de\/wp-content\/uploads\/2025\/09\/iStock-510015972-2048x1367.jpg 2048w\" sizes=\"(max-width: 1024px) 100vw, 1024px\" \/><\/figure>\n<\/div>\n<\/div>\n<\/div>\n\n\n\n<aside class=\"wp-block-group alignfull is-style-section-3 has-custom-miralda-rot-background-color has-background has-global-padding is-layout-constrained wp-container-core-group-is-layout-f0f2a97b wp-block-group-is-layout-constrained is-style-section-3--9\" style=\"margin-top:0;margin-bottom:0;padding-top:var(--wp--preset--spacing--50);padding-right:var(--wp--preset--spacing--50);padding-bottom:var(--wp--preset--spacing--50);padding-left:var(--wp--preset--spacing--50)\">\n<div class=\"wp-block-group is-vertical is-content-justification-center is-layout-flex wp-container-core-group-is-layout-8778ca4a wp-block-group-is-layout-flex\" style=\"min-height:360px;margin-top:0;margin-bottom:0\">\n<h2 class=\"wp-block-heading has-text-align-center has-xx-large-font-size\">Das klingt spannend und du m\u00f6chtest mehr erfanren?<\/h2>\n\n\n\n<p>Buche dir gern direkt ein 30 min\u00fctiges Kennlerngespr\u00e4ch.<\/p>\n\n\n\n<!-- Calendly Inline-Widget Beginn -->\n<div class=\"calendly-inline-widget\" data-url=\"https:\/\/calendly.com\/lysann-montessori-is\/kurzer-austausch-mit-lysann\" style=\"min-width:320px;height:700px;\"><\/div>\n<script type=\"text\/javascript\" src=\"https:\/\/assets.calendly.com\/assets\/external\/widget.js\" async><\/script>\n<!-- Calendly Inline-Widget Ende -->\n\n\n\n<div style=\"height:0px\" aria-hidden=\"true\" class=\"wp-block-spacer wp-container-content-62aae154\"><\/div>\n\n\n\n<div class=\"wp-block-buttons is-content-justification-center is-layout-flex wp-container-core-buttons-is-layout-a89b3969 wp-block-buttons-is-layout-flex\">\n<div class=\"wp-block-button\"><a class=\"wp-block-button__link has-text-align-center wp-element-button\" href=\"mailto: lysann@montessori-is.de\">oder per E-Mail an<br>lysann@montessori-is.de<\/a><\/div>\n<\/div>\n<\/div>\n<\/aside>\n\n\n\n<p><a href=\"https:\/\/miralda.de\/?page_id=3\" data-type=\"link\" data-id=\"https:\/\/miralda.de\/?page_id=3\">Impressum<\/a><\/p>\n\n\n\n<p><\/p>\n","protected":false},"excerpt":{"rendered":"<p>\u00dcber uns Miralda ist ein mit \u00fcber 16 Jahren erfahrener Anbieter f\u00fcr individuelle Softwarel\u00f6sungen im Bildungsbereich. Wir ebnen gemeinsam den Weg f\u00fcr zukunftsorientiertes Arbeiten in Schule und Kita. Gemeinsam bewegen wir Bildung. Unsere Produkte MIS &#8211; Montessori Informationssystem F\u00fcr Montessori-Schulen, Kinderh\u00e4user und Nest MIS \u2013 das Montessori Informationssystem steht f\u00fcr eine durchdachte, ausgereifte und praxiserprobte [&hellip;]<\/p>\n","protected":false},"author":2,"featured_media":0,"parent":0,"menu_order":0,"comment_status":"closed","ping_status":"closed","template":"","meta":{"footnotes":""},"class_list":["post-35","page","type-page","status-publish","hentry"],"_links":{"self":[{"href":"https:\/\/www.miralda.de\/index.php?rest_route=\/wp\/v2\/pages\/35","targetHints":{"allow":["GET"]}}],"collection":[{"href":"https:\/\/www.miralda.de\/index.php?rest_route=\/wp\/v2\/pages"}],"about":[{"href":"https:\/\/www.miralda.de\/index.php?rest_route=\/wp\/v2\/types\/page"}],"author":[{"embeddable":true,"href":"https:\/\/www.miralda.de\/index.php?rest_route=\/wp\/v2\/users\/2"}],"replies":[{"embeddable":true,"href":"https:\/\/www.miralda.de\/index.php?rest_route=%2Fwp%2Fv2%2Fcomments&post=35"}],"version-history":[{"count":34,"href":"https:\/\/www.miralda.de\/index.php?rest_route=\/wp\/v2\/pages\/35\/revisions"}],"predecessor-version":[{"id":103,"href":"https:\/\/www.miralda.de\/index.php?rest_route=\/wp\/v2\/pages\/35\/revisions\/103"}],"wp:attachment":[{"href":"https:\/\/www.miralda.de\/index.php?rest_route=%2Fwp%2Fv2%2Fmedia&parent=35"}],"curies":[{"name":"wp","href":"https:\/\/api.w.org\/{rel}","templated":true}]}}